{"id":396,"date":"2024-05-07T20:25:00","date_gmt":"2024-05-07T20:25:00","guid":{"rendered":"https:\/\/heimer.mx\/?page_id=396"},"modified":"2024-05-07T21:17:36","modified_gmt":"2024-05-07T21:17:36","slug":"rodango","status":"publish","type":"page","link":"https:\/\/heimer.mx\/?page_id=396","title":{"rendered":"Rodango"},"content":{"rendered":"\t\t<div data-elementor-type=\"wp-page\" data-elementor-id=\"396\" class=\"elementor elementor-396\" data-elementor-post-type=\"page\">\n\t\t\t\t<div class=\"elementor-element elementor-element-18f41392 e-con-full e-flex e-con e-parent\" data-id=\"18f41392\" data-element_type=\"container\" data-e-type=\"container\" id=\"features\" data-settings=\"{&quot;background_background&quot;:&quot;classic&quot;}\">\n\t\t<div class=\"elementor-element elementor-element-563a3d88 e-con-full e-flex e-con e-child\" data-id=\"563a3d88\" data-element_type=\"container\" data-e-type=\"container\">\n\t\t\t\t<div class=\"elementor-element elementor-element-6cee4ed7 elementor-widget elementor-widget-image\" data-id=\"6cee4ed7\" data-element_type=\"widget\" data-e-type=\"widget\" data-widget_type=\"image.default\">\n\t\t\t\t<div class=\"elementor-widget-container\">\n\t\t\t\t\t\t\t\t\t\t\t\t\t\t\t\t<a href=\"https:\/\/rodango.com.mx\/\">\n\t\t\t\t\t\t\t<img decoding=\"async\" width=\"486\" height=\"91\" src=\"https:\/\/heimer.mx\/wp-content\/uploads\/2024\/04\/rodango_logo85px.png\" class=\"attachment-large size-large wp-image-78\" alt=\"\" srcset=\"https:\/\/heimer.mx\/wp-content\/uploads\/2024\/04\/rodango_logo85px.png 486w, https:\/\/heimer.mx\/wp-content\/uploads\/2024\/04\/rodango_logo85px-300x56.png 300w\" sizes=\"(max-width: 486px) 100vw, 486px\" \/>\t\t\t\t\t\t\t\t<\/a>\n\t\t\t\t\t\t\t\t\t\t\t\t\t\t\t<\/div>\n\t\t\t\t<\/div>\n\t\t\t\t<div class=\"elementor-element elementor-element-7c37efd9 animated-fast elementor-invisible elementor-widget elementor-widget-heading\" data-id=\"7c37efd9\" data-element_type=\"widget\" data-e-type=\"widget\" data-settings=\"{&quot;_animation&quot;:&quot;fadeInUp&quot;}\" data-widget_type=\"heading.default\">\n\t\t\t\t<div class=\"elementor-widget-container\">\n\t\t\t\t\t<h2 class=\"elementor-heading-title elementor-size-default\">Dise\u00f1amos tus espacios<\/h2>\t\t\t\t<\/div>\n\t\t\t\t<\/div>\n\t\t\t\t<div class=\"elementor-element elementor-element-167e769 elementor-widget elementor-widget-image\" data-id=\"167e769\" data-element_type=\"widget\" data-e-type=\"widget\" data-settings=\"{&quot;motion_fx_motion_fx_mouse&quot;:&quot;yes&quot;}\" data-widget_type=\"image.default\">\n\t\t\t\t<div class=\"elementor-widget-container\">\n\t\t\t\t\t\t\t\t\t\t\t\t\t\t\t<img fetchpriority=\"high\" decoding=\"async\" width=\"1280\" height=\"853\" src=\"https:\/\/heimer.mx\/wp-content\/uploads\/2024\/05\/WhatsApp-Image-2024-05-03-at-11.46.15-AM-2.jpeg\" class=\"elementor-animation-grow attachment-full size-full wp-image-357\" alt=\"\" srcset=\"https:\/\/heimer.mx\/wp-content\/uploads\/2024\/05\/WhatsApp-Image-2024-05-03-at-11.46.15-AM-2.jpeg 1280w, https:\/\/heimer.mx\/wp-content\/uploads\/2024\/05\/WhatsApp-Image-2024-05-03-at-11.46.15-AM-2-300x200.jpeg 300w, https:\/\/heimer.mx\/wp-content\/uploads\/2024\/05\/WhatsApp-Image-2024-05-03-at-11.46.15-AM-2-1024x682.jpeg 1024w, https:\/\/heimer.mx\/wp-content\/uploads\/2024\/05\/WhatsApp-Image-2024-05-03-at-11.46.15-AM-2-768x512.jpeg 768w\" sizes=\"(max-width: 1280px) 100vw, 1280px\" \/>\t\t\t\t\t\t\t\t\t\t\t\t\t\t\t<\/div>\n\t\t\t\t<\/div>\n\t\t\t\t<\/div>\n\t\t<div class=\"elementor-element elementor-element-32d21bfa e-con-full e-flex e-con e-child\" data-id=\"32d21bfa\" data-element_type=\"container\" data-e-type=\"container\">\n\t\t\t\t<div class=\"elementor-element elementor-element-efb9ccb elementor-widget elementor-widget-image\" data-id=\"efb9ccb\" data-element_type=\"widget\" data-e-type=\"widget\" data-widget_type=\"image.default\">\n\t\t\t\t<div class=\"elementor-widget-container\">\n\t\t\t\t\t\t\t\t\t\t\t\t\t\t\t<img decoding=\"async\" width=\"1280\" height=\"720\" src=\"https:\/\/heimer.mx\/wp-content\/uploads\/2024\/05\/WhatsApp-Image-2024-05-03-at-11.46.15-AM.jpeg\" class=\"elementor-animation-grow attachment-full size-full wp-image-358\" alt=\"\" srcset=\"https:\/\/heimer.mx\/wp-content\/uploads\/2024\/05\/WhatsApp-Image-2024-05-03-at-11.46.15-AM.jpeg 1280w, https:\/\/heimer.mx\/wp-content\/uploads\/2024\/05\/WhatsApp-Image-2024-05-03-at-11.46.15-AM-300x169.jpeg 300w, https:\/\/heimer.mx\/wp-content\/uploads\/2024\/05\/WhatsApp-Image-2024-05-03-at-11.46.15-AM-1024x576.jpeg 1024w, https:\/\/heimer.mx\/wp-content\/uploads\/2024\/05\/WhatsApp-Image-2024-05-03-at-11.46.15-AM-768x432.jpeg 768w\" sizes=\"(max-width: 1280px) 100vw, 1280px\" \/>\t\t\t\t\t\t\t\t\t\t\t\t\t\t\t<\/div>\n\t\t\t\t<\/div>\n\t\t\t\t<div class=\"elementor-element elementor-element-23d4d99e elementor-widget__width-auto elementor-icon-list--layout-traditional elementor-list-item-link-full_width elementor-widget elementor-widget-icon-list\" data-id=\"23d4d99e\" data-element_type=\"widget\" data-e-type=\"widget\" data-widget_type=\"icon-list.default\">\n\t\t\t\t<div class=\"elementor-widget-container\">\n\t\t\t\t\t\t\t<ul class=\"elementor-icon-list-items\">\n\t\t\t\t\t\t\t<li class=\"elementor-icon-list-item\">\n\t\t\t\t\t\t\t\t\t\t\t<span class=\"elementor-icon-list-icon\">\n\t\t\t\t\t\t\t<svg aria-hidden=\"true\" class=\"e-font-icon-svg e-fas-circle\" viewBox=\"0 0 512 512\" xmlns=\"http:\/\/www.w3.org\/2000\/svg\"><path d=\"M256 8C119 8 8 119 8 256s111 248 248 248 248-111 248-248S393 8 256 8z\"><\/path><\/svg>\t\t\t\t\t\t<\/span>\n\t\t\t\t\t\t\t\t\t\t<span class=\"elementor-icon-list-text\">Interiorismo Premium<\/span>\n\t\t\t\t\t\t\t\t\t<\/li>\n\t\t\t\t\t\t\t\t<li class=\"elementor-icon-list-item\">\n\t\t\t\t\t\t\t\t\t\t\t<span class=\"elementor-icon-list-icon\">\n\t\t\t\t\t\t\t<svg aria-hidden=\"true\" class=\"e-font-icon-svg e-fas-circle\" viewBox=\"0 0 512 512\" xmlns=\"http:\/\/www.w3.org\/2000\/svg\"><path d=\"M256 8C119 8 8 119 8 256s111 248 248 248 248-111 248-248S393 8 256 8z\"><\/path><\/svg>\t\t\t\t\t\t<\/span>\n\t\t\t\t\t\t\t\t\t\t<span class=\"elementor-icon-list-text\">DIse\u00f1o y conceptualizaci\u00f3n de espacios<\/span>\n\t\t\t\t\t\t\t\t\t<\/li>\n\t\t\t\t\t\t\t\t<li class=\"elementor-icon-list-item\">\n\t\t\t\t\t\t\t\t\t\t\t<span class=\"elementor-icon-list-icon\">\n\t\t\t\t\t\t\t<svg aria-hidden=\"true\" class=\"e-font-icon-svg e-fas-circle\" viewBox=\"0 0 512 512\" xmlns=\"http:\/\/www.w3.org\/2000\/svg\"><path d=\"M256 8C119 8 8 119 8 256s111 248 248 248 248-111 248-248S393 8 256 8z\"><\/path><\/svg>\t\t\t\t\t\t<\/span>\n\t\t\t\t\t\t\t\t\t\t<span class=\"elementor-icon-list-text\">Fabricaci\u00f3n de muebles a la medida<\/span>\n\t\t\t\t\t\t\t\t\t<\/li>\n\t\t\t\t\t\t<\/ul>\n\t\t\t\t\t\t<\/div>\n\t\t\t\t<\/div>\n\t\t\t\t<div class=\"elementor-element elementor-element-7cc4285d elementor-widget elementor-widget-button\" data-id=\"7cc4285d\" data-element_type=\"widget\" data-e-type=\"widget\" data-widget_type=\"button.default\">\n\t\t\t\t<div class=\"elementor-widget-container\">\n\t\t\t\t\t\t\t\t\t<div class=\"elementor-button-wrapper\">\n\t\t\t\t\t<a class=\"elementor-button elementor-button-link elementor-size-sm\" href=\"#\">\n\t\t\t\t\t\t<span class=\"elementor-button-content-wrapper\">\n\t\t\t\t\t\t\t\t\t<span class=\"elementor-button-text\">Agenda una cita <\/span>\n\t\t\t\t\t<\/span>\n\t\t\t\t\t<\/a>\n\t\t\t\t<\/div>\n\t\t\t\t\t\t\t\t<\/div>\n\t\t\t\t<\/div>\n\t\t\t\t<\/div>\n\t\t\t\t<\/div>\n\t\t\t\t<\/div>\n\t\t","protected":false},"excerpt":{"rendered":"<p>Dise\u00f1amos tus espacios Interiorismo Premium DIse\u00f1o y conceptualizaci\u00f3n de espacios Fabricaci\u00f3n de muebles a la medida Agenda una cita<\/p>\n","protected":false},"author":1,"featured_media":0,"parent":0,"menu_order":0,"comment_status":"closed","ping_status":"closed","template":"","meta":{"_joinchat":[],"footnotes":""},"class_list":["post-396","page","type-page","status-publish","hentry"],"_links":{"self":[{"href":"https:\/\/heimer.mx\/index.php?rest_route=\/wp\/v2\/pages\/396","targetHints":{"allow":["GET"]}}],"collection":[{"href":"https:\/\/heimer.mx\/index.php?rest_route=\/wp\/v2\/pages"}],"about":[{"href":"https:\/\/heimer.mx\/index.php?rest_route=\/wp\/v2\/types\/page"}],"author":[{"embeddable":true,"href":"https:\/\/heimer.mx\/index.php?rest_route=\/wp\/v2\/users\/1"}],"replies":[{"embeddable":true,"href":"https:\/\/heimer.mx\/index.php?rest_route=%2Fwp%2Fv2%2Fcomments&post=396"}],"version-history":[{"count":16,"href":"https:\/\/heimer.mx\/index.php?rest_route=\/wp\/v2\/pages\/396\/revisions"}],"predecessor-version":[{"id":454,"href":"https:\/\/heimer.mx\/index.php?rest_route=\/wp\/v2\/pages\/396\/revisions\/454"}],"wp:attachment":[{"href":"https:\/\/heimer.mx\/index.php?rest_route=%2Fwp%2Fv2%2Fmedia&parent=396"}],"curies":[{"name":"wp","href":"https:\/\/api.w.org\/{rel}","templated":true}]}}