{"id":401,"date":"2024-05-07T20:26:22","date_gmt":"2024-05-07T20:26:22","guid":{"rendered":"https:\/\/heimer.mx\/?page_id=401"},"modified":"2024-05-07T20:26:29","modified_gmt":"2024-05-07T20:26:29","slug":"tecno-blinds","status":"publish","type":"page","link":"https:\/\/heimer.mx\/?page_id=401","title":{"rendered":"Tecno Blinds"},"content":{"rendered":"\t\t<div data-elementor-type=\"wp-page\" data-elementor-id=\"401\" class=\"elementor elementor-401\" data-elementor-post-type=\"page\">\n\t\t\t\t\t\t<section class=\"elementor-section elementor-top-section elementor-element elementor-element-6f316382 elementor-section-full_width elementor-section-items-stretch elementor-reverse-mobile elementor-reverse-tablet elementor-section-height-full elementor-section-height-default\" data-id=\"6f316382\" data-element_type=\"section\" data-e-type=\"section\" id=\"tecnoblinds\" data-settings=\"{&quot;background_background&quot;:&quot;slideshow&quot;,&quot;background_slideshow_gallery&quot;:[{&quot;id&quot;:223,&quot;url&quot;:&quot;http:\\\/\\\/a0n.2e3.mytemp.website\\\/wp-content\\\/uploads\\\/2024\\\/05\\\/1695232321501.jpeg&quot;},{&quot;id&quot;:225,&quot;url&quot;:&quot;http:\\\/\\\/a0n.2e3.mytemp.website\\\/wp-content\\\/uploads\\\/2024\\\/05\\\/Copia-de-TOLDO-PALILLERIA-ENTRE-PAREDES.png&quot;},{&quot;id&quot;:108,&quot;url&quot;:&quot;http:\\\/\\\/a0n.2e3.mytemp.website\\\/wp-content\\\/uploads\\\/2024\\\/04\\\/DSC09758-scaled.jpg&quot;}],&quot;background_slideshow_loop&quot;:&quot;yes&quot;,&quot;background_slideshow_slide_duration&quot;:5000,&quot;background_slideshow_slide_transition&quot;:&quot;fade&quot;,&quot;background_slideshow_transition_duration&quot;:500}\">\n\t\t\t\t\t\t<div class=\"elementor-container elementor-column-gap-no\">\n\t\t\t\t\t<div class=\"elementor-column elementor-col-100 elementor-top-column elementor-element elementor-element-42e1ccb6\" data-id=\"42e1ccb6\" data-element_type=\"column\" data-e-type=\"column\">\n\t\t\t<div class=\"elementor-widget-wrap elementor-element-populated\">\n\t\t\t\t\t\t<div class=\"elementor-element elementor-element-6ab204c9 elementor-widget elementor-widget-image\" data-id=\"6ab204c9\" data-element_type=\"widget\" data-e-type=\"widget\" data-widget_type=\"image.default\">\n\t\t\t\t<div class=\"elementor-widget-container\">\n\t\t\t\t\t\t\t\t\t\t\t\t\t\t\t<img fetchpriority=\"high\" decoding=\"async\" width=\"800\" height=\"335\" src=\"https:\/\/heimer.mx\/wp-content\/uploads\/2024\/04\/TB-ORIGINAL-1024x429.png\" class=\"attachment-large size-large wp-image-105\" alt=\"\" srcset=\"https:\/\/heimer.mx\/wp-content\/uploads\/2024\/04\/TB-ORIGINAL-1024x429.png 1024w, https:\/\/heimer.mx\/wp-content\/uploads\/2024\/04\/TB-ORIGINAL-300x126.png 300w, https:\/\/heimer.mx\/wp-content\/uploads\/2024\/04\/TB-ORIGINAL-768x322.png 768w, https:\/\/heimer.mx\/wp-content\/uploads\/2024\/04\/TB-ORIGINAL-1536x644.png 1536w, https:\/\/heimer.mx\/wp-content\/uploads\/2024\/04\/TB-ORIGINAL-2048x859.png 2048w\" sizes=\"(max-width: 800px) 100vw, 800px\" \/>\t\t\t\t\t\t\t\t\t\t\t\t\t\t\t<\/div>\n\t\t\t\t<\/div>\n\t\t\t\t<div class=\"elementor-element elementor-element-7b096636 elementor-widget elementor-widget-heading\" data-id=\"7b096636\" data-element_type=\"widget\" data-e-type=\"widget\" data-widget_type=\"heading.default\">\n\t\t\t\t<div class=\"elementor-widget-container\">\n\t\t\t\t\t<h2 class=\"elementor-heading-title elementor-size-default\">La mejor calidad en persianas, cortinas, toldos y m\u00e1s...<\/h2>\t\t\t\t<\/div>\n\t\t\t\t<\/div>\n\t\t\t\t<div class=\"elementor-element elementor-element-2d17ae6b elementor-widget elementor-widget-text-editor\" data-id=\"2d17ae6b\" data-element_type=\"widget\" data-e-type=\"widget\" data-widget_type=\"text-editor.default\">\n\t\t\t\t<div class=\"elementor-widget-container\">\n\t\t\t\t\t\t\t\t\t<p>M\u00e1s de 33 a\u00f1os de experiencia en el mercado de persianas y cortinas. Nos enorgullece ofrecerte productos y soluciones tecnol\u00f3gicas de alta calidad que transforman tus espacios.<\/p>\t\t\t\t\t\t\t\t<\/div>\n\t\t\t\t<\/div>\n\t\t\t\t<div class=\"elementor-element elementor-element-4a74b9a elementor-align-center elementor-widget-mobile__width-initial elementor-widget elementor-widget-button\" data-id=\"4a74b9a\" data-element_type=\"widget\" data-e-type=\"widget\" data-widget_type=\"button.default\">\n\t\t\t\t<div class=\"elementor-widget-container\">\n\t\t\t\t\t\t\t\t\t<div class=\"elementor-button-wrapper\">\n\t\t\t\t\t<a class=\"elementor-button elementor-button-link elementor-size-sm\" href=\"http:\/\/tecnoblinds.com\/shop\">\n\t\t\t\t\t\t<span class=\"elementor-button-content-wrapper\">\n\t\t\t\t\t\t\t\t\t<span class=\"elementor-button-text\">Conoce M\u00e1s<\/span>\n\t\t\t\t\t<\/span>\n\t\t\t\t\t<\/a>\n\t\t\t\t<\/div>\n\t\t\t\t\t\t\t\t<\/div>\n\t\t\t\t<\/div>\n\t\t\t\t\t<\/div>\n\t\t<\/div>\n\t\t\t\t\t<\/div>\n\t\t<\/section>\n\t\t\t\t<\/div>\n\t\t","protected":false},"excerpt":{"rendered":"<p>La mejor calidad en persianas, cortinas, toldos y m\u00e1s&#8230; M\u00e1s de 33 a\u00f1os de experiencia en el mercado de persianas y cortinas. Nos enorgullece ofrecerte productos y soluciones tecnol\u00f3gicas de alta calidad que transforman tus espacios. Conoce M\u00e1s<\/p>\n","protected":false},"author":1,"featured_media":0,"parent":0,"menu_order":0,"comment_status":"closed","ping_status":"closed","template":"","meta":{"_joinchat":[],"footnotes":""},"class_list":["post-401","page","type-page","status-publish","hentry"],"_links":{"self":[{"href":"https:\/\/heimer.mx\/index.php?rest_route=\/wp\/v2\/pages\/401","targetHints":{"allow":["GET"]}}],"collection":[{"href":"https:\/\/heimer.mx\/index.php?rest_route=\/wp\/v2\/pages"}],"about":[{"href":"https:\/\/heimer.mx\/index.php?rest_route=\/wp\/v2\/types\/page"}],"author":[{"embeddable":true,"href":"https:\/\/heimer.mx\/index.php?rest_route=\/wp\/v2\/users\/1"}],"replies":[{"embeddable":true,"href":"https:\/\/heimer.mx\/index.php?rest_route=%2Fwp%2Fv2%2Fcomments&post=401"}],"version-history":[{"count":4,"href":"https:\/\/heimer.mx\/index.php?rest_route=\/wp\/v2\/pages\/401\/revisions"}],"predecessor-version":[{"id":405,"href":"https:\/\/heimer.mx\/index.php?rest_route=\/wp\/v2\/pages\/401\/revisions\/405"}],"wp:attachment":[{"href":"https:\/\/heimer.mx\/index.php?rest_route=%2Fwp%2Fv2%2Fmedia&parent=401"}],"curies":[{"name":"wp","href":"https:\/\/api.w.org\/{rel}","templated":true}]}}