{"id":406,"date":"2024-05-07T20:28:14","date_gmt":"2024-05-07T20:28:14","guid":{"rendered":"https:\/\/heimer.mx\/?page_id=406"},"modified":"2024-05-07T21:18:20","modified_gmt":"2024-05-07T21:18:20","slug":"class","status":"publish","type":"page","link":"https:\/\/heimer.mx\/?page_id=406","title":{"rendered":"Class"},"content":{"rendered":"\t\t<div data-elementor-type=\"wp-page\" data-elementor-id=\"406\" class=\"elementor elementor-406\" data-elementor-post-type=\"page\">\n\t\t\t\t<div class=\"elementor-element elementor-element-77e4913d e-con-full e-flex e-con e-parent\" data-id=\"77e4913d\" data-element_type=\"container\" data-e-type=\"container\" id=\"safety\" data-settings=\"{&quot;background_background&quot;:&quot;classic&quot;}\">\n\t\t<div class=\"elementor-element elementor-element-7ef41bff e-con-full e-flex e-con e-child\" data-id=\"7ef41bff\" data-element_type=\"container\" data-e-type=\"container\">\n\t\t\t\t<div class=\"elementor-element elementor-element-6e32d624 elementor-widget elementor-widget-image\" data-id=\"6e32d624\" data-element_type=\"widget\" data-e-type=\"widget\" data-widget_type=\"image.default\">\n\t\t\t\t<div class=\"elementor-widget-container\">\n\t\t\t\t\t\t\t\t\t\t\t\t\t\t\t<img fetchpriority=\"high\" decoding=\"async\" width=\"369\" height=\"145\" src=\"https:\/\/heimer.mx\/wp-content\/uploads\/2024\/04\/class_Recurso-8@2x.png\" class=\"attachment-large size-large wp-image-82\" alt=\"\" srcset=\"https:\/\/heimer.mx\/wp-content\/uploads\/2024\/04\/class_Recurso-8@2x.png 369w, https:\/\/heimer.mx\/wp-content\/uploads\/2024\/04\/class_Recurso-8@2x-300x118.png 300w\" sizes=\"(max-width: 369px) 100vw, 369px\" \/>\t\t\t\t\t\t\t\t\t\t\t\t\t\t\t<\/div>\n\t\t\t\t<\/div>\n\t\t\t\t<div class=\"elementor-element elementor-element-7a674951 animated-fast elementor-invisible elementor-widget elementor-widget-heading\" data-id=\"7a674951\" data-element_type=\"widget\" data-e-type=\"widget\" data-settings=\"{&quot;_animation&quot;:&quot;fadeInUp&quot;}\" data-widget_type=\"heading.default\">\n\t\t\t\t<div class=\"elementor-widget-container\">\n\t\t\t\t\t<h3 class=\"elementor-heading-title elementor-size-default\">La iluminaci\u00f3n que tus espacios necesitan.<\/h3>\t\t\t\t<\/div>\n\t\t\t\t<\/div>\n\t\t<div class=\"elementor-element elementor-element-1de2e770 e-con-full e-flex e-con e-child\" data-id=\"1de2e770\" data-element_type=\"container\" data-e-type=\"container\">\n\t\t<div class=\"elementor-element elementor-element-4fbe31d8 e-con-full e-flex e-con e-child\" data-id=\"4fbe31d8\" data-element_type=\"container\" data-e-type=\"container\">\n\t\t\t\t<div class=\"elementor-element elementor-element-64742be0 elementor-invisible elementor-widget elementor-widget-text-editor\" data-id=\"64742be0\" data-element_type=\"widget\" data-e-type=\"widget\" data-settings=\"{&quot;_animation&quot;:&quot;fadeInUp&quot;}\" data-widget_type=\"text-editor.default\">\n\t\t\t\t<div class=\"elementor-widget-container\">\n\t\t\t\t\t\t\t\t\t<p>Contamos con m\u00e1s de 1000 modelos, que satisfacen las necesidades de nuestros clientes, una iluminaci\u00f3n con las \u00faltimas tendencias arquitect\u00f3nicas e interiorismo residencial y decorativo.<\/p>\t\t\t\t\t\t\t\t<\/div>\n\t\t\t\t<\/div>\n\t\t\t\t<div class=\"elementor-element elementor-element-853611b elementor-mobile-align-center elementor-widget elementor-widget-button\" data-id=\"853611b\" data-element_type=\"widget\" data-e-type=\"widget\" data-widget_type=\"button.default\">\n\t\t\t\t<div class=\"elementor-widget-container\">\n\t\t\t\t\t\t\t\t\t<div class=\"elementor-button-wrapper\">\n\t\t\t\t\t<a class=\"elementor-button elementor-button-link elementor-size-sm\" href=\"https:\/\/classiluminacion.com\/\">\n\t\t\t\t\t\t<span class=\"elementor-button-content-wrapper\">\n\t\t\t\t\t\t\t\t\t<span class=\"elementor-button-text\">Ilumina tus espacios<\/span>\n\t\t\t\t\t<\/span>\n\t\t\t\t\t<\/a>\n\t\t\t\t<\/div>\n\t\t\t\t\t\t\t\t<\/div>\n\t\t\t\t<\/div>\n\t\t\t\t<\/div>\n\t\t<div class=\"elementor-element elementor-element-22203f08 e-con-full e-flex e-con e-child\" data-id=\"22203f08\" data-element_type=\"container\" data-e-type=\"container\">\n\t\t\t\t<div class=\"elementor-element elementor-element-5a2ffec3 elementor-widget elementor-widget-image\" data-id=\"5a2ffec3\" data-element_type=\"widget\" data-e-type=\"widget\" data-widget_type=\"image.default\">\n\t\t\t\t<div class=\"elementor-widget-container\">\n\t\t\t\t\t\t\t\t\t\t\t\t\t\t\t\t<a href=\"https:\/\/classiluminacion.com\/\">\n\t\t\t\t\t\t\t<img decoding=\"async\" width=\"6000\" height=\"4000\" src=\"https:\/\/heimer.mx\/wp-content\/uploads\/2024\/04\/DSC08883.jpeg\" class=\"attachment-full size-full wp-image-77\" alt=\"\" \/>\t\t\t\t\t\t\t\t<\/a>\n\t\t\t\t\t\t\t\t\t\t\t\t\t\t\t<\/div>\n\t\t\t\t<\/div>\n\t\t\t\t<div class=\"elementor-element elementor-element-2f69020f elementor-widget-divider--view-line_text elementor-widget-divider--element-align-right elementor-widget elementor-widget-divider\" data-id=\"2f69020f\" data-element_type=\"widget\" data-e-type=\"widget\" data-widget_type=\"divider.default\">\n\t\t\t\t<div class=\"elementor-widget-container\">\n\t\t\t\t\t\t\t<div class=\"elementor-divider\">\n\t\t\t<span class=\"elementor-divider-separator\">\n\t\t\t\t\t\t\t<span class=\"elementor-divider__text elementor-divider__element\">\n\t\t\t\tHigh decorative ilumination\t\t\t\t<\/span>\n\t\t\t\t\t\t<\/span>\n\t\t<\/div>\n\t\t\t\t\t\t<\/div>\n\t\t\t\t<\/div>\n\t\t\t\t<\/div>\n\t\t<div class=\"elementor-element elementor-element-465c6167 e-con-full e-flex e-con e-child\" data-id=\"465c6167\" data-element_type=\"container\" data-e-type=\"container\">\n\t\t\t\t<div class=\"elementor-element elementor-element-33a2e6e1 animated-slow elementor-invisible elementor-widget elementor-widget-image\" data-id=\"33a2e6e1\" data-element_type=\"widget\" data-e-type=\"widget\" data-settings=\"{&quot;_animation&quot;:&quot;fadeInLeft&quot;}\" data-widget_type=\"image.default\">\n\t\t\t\t<div class=\"elementor-widget-container\">\n\t\t\t\t\t\t\t\t\t\t\t\t\t\t\t<img decoding=\"async\" width=\"800\" height=\"1402\" src=\"https:\/\/heimer.mx\/wp-content\/uploads\/2024\/04\/IMG_6856-copy.jpeg\" class=\"attachment-full size-full wp-image-84\" alt=\"\" srcset=\"https:\/\/heimer.mx\/wp-content\/uploads\/2024\/04\/IMG_6856-copy.jpeg 800w, https:\/\/heimer.mx\/wp-content\/uploads\/2024\/04\/IMG_6856-copy-171x300.jpeg 171w, https:\/\/heimer.mx\/wp-content\/uploads\/2024\/04\/IMG_6856-copy-584x1024.jpeg 584w, https:\/\/heimer.mx\/wp-content\/uploads\/2024\/04\/IMG_6856-copy-768x1346.jpeg 768w\" sizes=\"(max-width: 800px) 100vw, 800px\" \/>\t\t\t\t\t\t\t\t\t\t\t\t\t\t\t<\/div>\n\t\t\t\t<\/div>\n\t\t\t\t<\/div>\n\t\t\t\t<\/div>\n\t\t\t\t<\/div>\n\t\t\t\t<\/div>\n\t\t\t\t<\/div>\n\t\t","protected":false},"excerpt":{"rendered":"<p>La iluminaci\u00f3n que tus espacios necesitan. Contamos con m\u00e1s de 1000 modelos, que satisfacen las necesidades de nuestros clientes, una iluminaci\u00f3n con las \u00faltimas tendencias arquitect\u00f3nicas e interiorismo residencial y decorativo. Ilumina tus espacios High decorative ilumination<\/p>\n","protected":false},"author":1,"featured_media":0,"parent":0,"menu_order":0,"comment_status":"closed","ping_status":"closed","template":"","meta":{"_joinchat":[],"footnotes":""},"class_list":["post-406","page","type-page","status-publish","hentry"],"_links":{"self":[{"href":"https:\/\/heimer.mx\/index.php?rest_route=\/wp\/v2\/pages\/406","targetHints":{"allow":["GET"]}}],"collection":[{"href":"https:\/\/heimer.mx\/index.php?rest_route=\/wp\/v2\/pages"}],"about":[{"href":"https:\/\/heimer.mx\/index.php?rest_route=\/wp\/v2\/types\/page"}],"author":[{"embeddable":true,"href":"https:\/\/heimer.mx\/index.php?rest_route=\/wp\/v2\/users\/1"}],"replies":[{"embeddable":true,"href":"https:\/\/heimer.mx\/index.php?rest_route=%2Fwp%2Fv2%2Fcomments&post=406"}],"version-history":[{"count":7,"href":"https:\/\/heimer.mx\/index.php?rest_route=\/wp\/v2\/pages\/406\/revisions"}],"predecessor-version":[{"id":457,"href":"https:\/\/heimer.mx\/index.php?rest_route=\/wp\/v2\/pages\/406\/revisions\/457"}],"wp:attachment":[{"href":"https:\/\/heimer.mx\/index.php?rest_route=%2Fwp%2Fv2%2Fmedia&parent=406"}],"curies":[{"name":"wp","href":"https:\/\/api.w.org\/{rel}","templated":true}]}}